{"id":32563,"date":"2022-02-16T21:17:45","date_gmt":"2022-02-16T21:17:45","guid":{"rendered":"https:\/\/globalevangelistalliance.com\/?page_id=32563"},"modified":"2022-02-18T22:21:54","modified_gmt":"2022-02-18T22:21:54","slug":"amsterdam-2023","status":"publish","type":"page","link":"https:\/\/globalevangelistalliance.com\/pt\/amsterdam-2023\/","title":{"rendered":"Amsterd\u00e3 2023"},"content":{"rendered":"<div data-elementor-type=\"wp-page\" data-elementor-id=\"32563\" class=\"elementor elementor-32563\" data-elementor-post-type=\"page\">\n\t\t\t\t\t\t<section class=\"elementor-section elementor-top-section elementor-element elementor-element-4313db3 elementor-section-full_width elementor-section-height-default elementor-section-height-default\" data-id=\"4313db3\" data-element_type=\"section\">\n\t\t\t\t\t\t<div class=\"elementor-container elementor-column-gap-default\">\n\t\t\t\t\t<div class=\"elementor-column elementor-col-100 elementor-top-column elementor-element elementor-element-09d5848\" data-id=\"09d5848\" data-element_type=\"column\">\n\t\t\t<div class=\"elementor-widget-wrap elementor-element-populated\">\n\t\t\t\t\t\t<div class=\"elementor-element elementor-element-2960591 elementor-widget elementor-widget-image\" data-id=\"2960591\" data-element_type=\"widget\" data-widget_type=\"image.default\">\n\t\t\t\t<div class=\"elementor-widget-container\">\n\t\t\t<style>\/*! elementor - v3.21.0 - 26-05-2024 *\/\n.elementor-widget-image{text-align:center}.elementor-widget-image a{display:inline-block}.elementor-widget-image a img[src$=\".svg\"]{width:48px}.elementor-widget-image img{vertical-align:middle;display:inline-block}<\/style>\t\t\t\t\t\t\t\t\t\t\t<a href=\"https:\/\/amsterdam2023.com\/\" target=\"_blank\">\n\t\t\t\t\t\t\t<img fetchpriority=\"high\" decoding=\"async\" width=\"800\" height=\"342\" src=\"https:\/\/globalevangelistalliance.com\/wp-content\/uploads\/2022\/02\/1576859-61fda3610fb80-1024x438.jpg\" class=\"attachment-large size-large wp-image-32568\" alt=\"\" srcset=\"https:\/\/globalevangelistalliance.com\/wp-content\/uploads\/2022\/02\/1576859-61fda3610fb80-1024x438.jpg 1024w, https:\/\/globalevangelistalliance.com\/wp-content\/uploads\/2022\/02\/1576859-61fda3610fb80-300x128.jpg 300w, https:\/\/globalevangelistalliance.com\/wp-content\/uploads\/2022\/02\/1576859-61fda3610fb80-768x329.jpg 768w, https:\/\/globalevangelistalliance.com\/wp-content\/uploads\/2022\/02\/1576859-61fda3610fb80-18x8.jpg 18w, https:\/\/globalevangelistalliance.com\/wp-content\/uploads\/2022\/02\/1576859-61fda3610fb80.jpg 1168w\" sizes=\"(max-width: 800px) 100vw, 800px\" \/>\t\t\t\t\t\t\t\t<\/a>\n\t\t\t\t\t\t\t\t\t\t\t\t\t<\/div>\n\t\t\t\t<\/div>\n\t\t\t\t\t<\/div>\n\t\t<\/div>\n\t\t\t\t\t<\/div>\n\t\t<\/section>\n\t\t\t\t<section class=\"elementor-section elementor-top-section elementor-element elementor-element-b493eb3 elementor-section-boxed elementor-section-height-default elementor-section-height-default\" data-id=\"b493eb3\" data-element_type=\"section\">\n\t\t\t\t\t\t<div class=\"elementor-container elementor-column-gap-default\">\n\t\t\t\t\t<div class=\"elementor-column elementor-col-100 elementor-top-column elementor-element elementor-element-c977ec8\" data-id=\"c977ec8\" data-element_type=\"column\">\n\t\t\t<div class=\"elementor-widget-wrap elementor-element-populated\">\n\t\t\t\t\t\t<div class=\"elementor-element elementor-element-a33ba2d elementor-widget elementor-widget-text-editor\" data-id=\"a33ba2d\" data-element_type=\"widget\" data-widget_type=\"text-editor.default\">\n\t\t\t\t<div class=\"elementor-widget-container\">\n\t\t\t<style>\/*! elementor - v3.21.0 - 26-05-2024 *\/\n.elementor-widget-text-editor.elementor-drop-cap-view-stacked .elementor-drop-cap{background-color:#69727d;color:#fff}.elementor-widget-text-editor.elementor-drop-cap-view-framed .elementor-drop-cap{color:#69727d;border:3px solid;background-color:transparent}.elementor-widget-text-editor:not(.elementor-drop-cap-view-default) .elementor-drop-cap{margin-top:8px}.elementor-widget-text-editor:not(.elementor-drop-cap-view-default) .elementor-drop-cap-letter{width:1em;height:1em}.elementor-widget-text-editor .elementor-drop-cap{float:left;text-align:center;line-height:1;font-size:50px}.elementor-widget-text-editor .elementor-drop-cap-letter{display:inline-block}<\/style>\t\t\t\t<p>UM NOVO TEMPO EST\u00c1 COME\u00c7ANDO<br \/>NA IGREJA.<\/p>\t\t\t\t\t\t<\/div>\n\t\t\t\t<\/div>\n\t\t\t\t<div class=\"elementor-element elementor-element-78b2872 elementor-widget elementor-widget-text-editor\" data-id=\"78b2872\" data-element_type=\"widget\" data-widget_type=\"text-editor.default\">\n\t\t\t\t<div class=\"elementor-widget-container\">\n\t\t\t\t\t\t\t\nESTAMOS CHAMANDO EVANGELISTAS, MISSION\u00c1RIOS, PASTORES, L\u00cdDERES, E CRIST\u00c3OS FOCADOS NA GRANDE COMISS\u00c3O DE TODAS AS NA\u00c7\u00d5ES PARA SE JUNTAREM A N\u00d3S EM AMSTERD\u00c3, NOS DIAS 21 A 24 DE JUNHO DE 2023 PARA 4 DIAS DE INSPIRA\u00c7\u00c3O, COLABORA\u00c7\u00c3O E MINISTRA\u00c7\u00c3O ENQUANTO PLANEJAMOS ESTRAT\u00c9GIAS PARA ALCAN\u00c7AR TODAS AS PESSOAS DA TERRA NA PR\u00d3XIMA D\u00c9CADA.\t\t\t\t\t\t<\/div>\n\t\t\t\t<\/div>\n\t\t\t\t<div class=\"elementor-element elementor-element-e8f41f5 elementor-widget elementor-widget-text-editor\" data-id=\"e8f41f5\" data-element_type=\"widget\" data-widget_type=\"text-editor.default\">\n\t\t\t\t<div class=\"elementor-widget-container\">\n\t\t\t\t\t\t\t<p><img decoding=\"async\" class=\"aligncenter  wp-image-32668\" src=\"http:\/\/globalevangelistalliance.com\/wp-content\/uploads\/2022\/02\/a23bars-blue.png\" alt=\"\" width=\"34\" height=\"33\" srcset=\"https:\/\/globalevangelistalliance.com\/wp-content\/uploads\/2022\/02\/a23bars-blue.png 200w, https:\/\/globalevangelistalliance.com\/wp-content\/uploads\/2022\/02\/a23bars-blue-150x150.png 150w, https:\/\/globalevangelistalliance.com\/wp-content\/uploads\/2022\/02\/a23bars-blue-12x12.png 12w\" sizes=\"(max-width: 34px) 100vw, 34px\" \/><br \/>UM NOVO TEMPO DE EVANGELISMO PARA TODOS.<\/p>\t\t\t\t\t\t<\/div>\n\t\t\t\t<\/div>\n\t\t\t\t<div class=\"elementor-element elementor-element-df147bb elementor-align-center elementor-widget elementor-widget-button\" data-id=\"df147bb\" data-element_type=\"widget\" data-widget_type=\"button.default\">\n\t\t\t\t<div class=\"elementor-widget-container\">\n\t\t\t\t\t<div class=\"elementor-button-wrapper\">\n\t\t\t<a class=\"elementor-button elementor-button-link elementor-size-xl\" href=\"https:\/\/register.amsterdam2023.com\/amsterdam2023\/begin\" target=\"_blank\">\n\t\t\t\t\t\t<span class=\"elementor-button-content-wrapper\">\n\t\t\t\t\t\t\t\t\t<span class=\"elementor-button-text\">INSCREVA-SE<\/span>\n\t\t\t\t\t<\/span>\n\t\t\t\t\t<\/a>\n\t\t<\/div>\n\t\t\t\t<\/div>\n\t\t\t\t<\/div>\n\t\t\t\t\t<\/div>\n\t\t<\/div>\n\t\t\t\t\t<\/div>\n\t\t<\/section>\n\t\t\t\t<\/div>","protected":false},"excerpt":{"rendered":"<p>A NEW ERA IS DAWNING IN THE CHURCH. WE ARE CALLING EVANGELISTS, MISSIONARIES, PASTORS, LEADERS, AND GREAT COMMISSION FOCUSED BELIEVERS FROM EVERY NATION TO JOIN US IN AMSTERDAM, JUNE 21-24, 2023 FOR 4 DAYS OF INSPIRATION, COLLABORATION &amp; IMPARTATION AS WE STRATEGIZE ON HOW TO REACH EVERY PERSON ON EARTH OVER THE NEXT DECADE. A [&hellip;]<\/p>","protected":false},"author":1,"featured_media":0,"parent":0,"menu_order":0,"comment_status":"closed","ping_status":"closed","template":"","meta":{"footnotes":"","_links_to":"","_links_to_target":""},"class_list":["post-32563","page","type-page","status-publish","hentry"],"_links":{"self":[{"href":"https:\/\/globalevangelistalliance.com\/pt\/wp-json\/wp\/v2\/pages\/32563","targetHints":{"allow":["GET"]}}],"collection":[{"href":"https:\/\/globalevangelistalliance.com\/pt\/wp-json\/wp\/v2\/pages"}],"about":[{"href":"https:\/\/globalevangelistalliance.com\/pt\/wp-json\/wp\/v2\/types\/page"}],"author":[{"embeddable":true,"href":"https:\/\/globalevangelistalliance.com\/pt\/wp-json\/wp\/v2\/users\/1"}],"replies":[{"embeddable":true,"href":"https:\/\/globalevangelistalliance.com\/pt\/wp-json\/wp\/v2\/comments?post=32563"}],"version-history":[{"count":0,"href":"https:\/\/globalevangelistalliance.com\/pt\/wp-json\/wp\/v2\/pages\/32563\/revisions"}],"wp:attachment":[{"href":"https:\/\/globalevangelistalliance.com\/pt\/wp-json\/wp\/v2\/media?parent=32563"}],"curies":[{"name":"wp","href":"https:\/\/api.w.org\/{rel}","templated":true}]}}